{"id":94,"date":"2024-10-23T10:33:57","date_gmt":"2024-10-23T10:33:57","guid":{"rendered":"https:\/\/myrace.rs\/?page_id=94"},"modified":"2024-12-31T10:35:20","modified_gmt":"2024-12-31T09:35:20","slug":"kontakt","status":"publish","type":"page","link":"https:\/\/myrace.rs\/?page_id=94","title":{"rendered":"Kontakt"},"content":{"rendered":"\t\t<div data-elementor-type=\"wp-page\" data-elementor-id=\"94\" class=\"elementor elementor-94\" data-elementor-post-type=\"page\">\n\t\t\t\t<div class=\"elementor-element elementor-element-ca5e742 e-flex e-con-boxed e-con e-parent\" data-id=\"ca5e742\" data-element_type=\"container\" data-e-type=\"container\">\n\t\t\t\t\t<div class=\"e-con-inner\">\n\t\t\t\t<div class=\"elementor-element elementor-element-365841d elementor-widget elementor-widget-heading\" data-id=\"365841d\" data-element_type=\"widget\" data-e-type=\"widget\" data-widget_type=\"heading.default\">\n\t\t\t\t<div class=\"elementor-widget-container\">\n\t\t\t\t\t<h3 class=\"elementor-heading-title elementor-size-default\">Kontakt<\/h3>\t\t\t\t<\/div>\n\t\t\t\t<\/div>\n\t\t\t\t\t<\/div>\n\t\t\t\t<\/div>\n\t\t<main class=\"elementor-element elementor-element-5cf4063 e-flex e-con-boxed e-con e-parent\" data-id=\"5cf4063\" data-element_type=\"container\" data-e-type=\"container\">\n\t\t\t\t\t<div class=\"e-con-inner\">\n\t\t\t\t<div class=\"elementor-element elementor-element-d6c990f elementor-widget elementor-widget-text-editor\" data-id=\"d6c990f\" data-element_type=\"widget\" data-e-type=\"widget\" data-widget_type=\"text-editor.default\">\n\t\t\t\t<div class=\"elementor-widget-container\">\n\t\t\t\t\t\t\t\t\t<p>Mo\u017eete nas kontaktirati na slede\u0107e na\u010dine:<\/p><p>email: <strong>info @ myrace.rs<\/strong> (izbri\u0161ite razmake ispred i iza znaka @)<\/p><p>tel: <strong>+381 64 52 58 727<\/strong><\/p>\t\t\t\t\t\t\t\t<\/div>\n\t\t\t\t<\/div>\n\t\t\t\t\t<\/div>\n\t\t\t\t<\/main>\n\t\t<div class=\"elementor-element elementor-element-2d9adf0 e-flex e-con-boxed e-con e-parent\" data-id=\"2d9adf0\" data-element_type=\"container\" data-e-type=\"container\">\n\t\t\t\t\t<div class=\"e-con-inner\">\n\t\t\t\t<div class=\"elementor-element elementor-element-601ff65 elementor-widget elementor-widget-image\" data-id=\"601ff65\" data-element_type=\"widget\" data-e-type=\"widget\" data-widget_type=\"image.default\">\n\t\t\t\t<div class=\"elementor-widget-container\">\n\t\t\t\t\t\t\t\t\t\t\t\t\t\t\t<img decoding=\"async\" src=\"https:\/\/myrace.rs\/wp-content\/uploads\/2024\/10\/triathlon-myrace-logo.168x55.webp\" title=\"triathlon-myrace-logo.168&#215;55\" alt=\"triathlon-myrace-logo.168x55\" loading=\"lazy\" \/>\t\t\t\t\t\t\t\t\t\t\t\t\t\t\t<\/div>\n\t\t\t\t<\/div>\n\t\t\t\t\t<\/div>\n\t\t\t\t<\/div>\n\t\t<div class=\"elementor-element elementor-element-c23c3a9 e-flex e-con-boxed e-con e-parent\" data-id=\"c23c3a9\" data-element_type=\"container\" data-e-type=\"container\">\n\t\t\t\t\t<div class=\"e-con-inner\">\n\t\t\t\t<div class=\"elementor-element elementor-element-0b27501 elementor-widget elementor-widget-spacer\" data-id=\"0b27501\" data-element_type=\"widget\" data-e-type=\"widget\" data-widget_type=\"spacer.default\">\n\t\t\t\t<div class=\"elementor-widget-container\">\n\t\t\t\t\t\t\t<div class=\"elementor-spacer\">\n\t\t\t<div class=\"elementor-spacer-inner\"><\/div>\n\t\t<\/div>\n\t\t\t\t\t\t<\/div>\n\t\t\t\t<\/div>\n\t\t\t\t\t<\/div>\n\t\t\t\t<\/div>\n\t\t\t\t<\/div>\n\t\t","protected":false},"excerpt":{"rendered":"<p>Kontakt Mo\u017eete nas kontaktirati na slede\u0107e na\u010dine: email: info @ myrace.rs (izbri\u0161ite razmake ispred i iza znaka @) tel: +381 64 52 58 727<\/p>\n","protected":false},"author":1,"featured_media":0,"parent":0,"menu_order":0,"comment_status":"closed","ping_status":"closed","template":"elementor_header_footer","meta":{"_acf_changed":false,"footnotes":""},"class_list":["post-94","page","type-page","status-publish","hentry"],"acf":[],"_links":{"self":[{"href":"https:\/\/myrace.rs\/index.php?rest_route=\/wp\/v2\/pages\/94","targetHints":{"allow":["GET"]}}],"collection":[{"href":"https:\/\/myrace.rs\/index.php?rest_route=\/wp\/v2\/pages"}],"about":[{"href":"https:\/\/myrace.rs\/index.php?rest_route=\/wp\/v2\/types\/page"}],"author":[{"embeddable":true,"href":"https:\/\/myrace.rs\/index.php?rest_route=\/wp\/v2\/users\/1"}],"replies":[{"embeddable":true,"href":"https:\/\/myrace.rs\/index.php?rest_route=%2Fwp%2Fv2%2Fcomments&post=94"}],"version-history":[{"count":0,"href":"https:\/\/myrace.rs\/index.php?rest_route=\/wp\/v2\/pages\/94\/revisions"}],"wp:attachment":[{"href":"https:\/\/myrace.rs\/index.php?rest_route=%2Fwp%2Fv2%2Fmedia&parent=94"}],"curies":[{"name":"wp","href":"https:\/\/api.w.org\/{rel}","templated":true}]}}