{"id":49,"date":"2024-10-23T10:15:46","date_gmt":"2024-10-23T10:15:46","guid":{"rendered":"https:\/\/myrace.rs\/?page_id=49"},"modified":"2025-09-26T11:18:37","modified_gmt":"2025-09-26T09:18:37","slug":"elementor-49","status":"publish","type":"page","link":"https:\/\/myrace.rs\/?page_id=49","title":{"rendered":"O nama"},"content":{"rendered":"\t\t<div data-elementor-type=\"wp-page\" data-elementor-id=\"49\" class=\"elementor elementor-49\" data-elementor-post-type=\"page\">\n\t\t\t\t<main class=\"elementor-element elementor-element-31acd46 e-flex e-con-boxed e-con e-parent\" data-id=\"31acd46\" data-element_type=\"container\" data-e-type=\"container\">\n\t\t\t\t\t<div class=\"e-con-inner\">\n\t\t\t\t<div class=\"elementor-element elementor-element-31f0ebf elementor-widget elementor-widget-heading\" data-id=\"31f0ebf\" data-element_type=\"widget\" data-e-type=\"widget\" data-widget_type=\"heading.default\">\n\t\t\t\t<div class=\"elementor-widget-container\">\n\t\t\t\t\t<h3 class=\"elementor-heading-title elementor-size-default\">O nama<\/h3>\t\t\t\t<\/div>\n\t\t\t\t<\/div>\n\t\t\t\t\t<\/div>\n\t\t\t\t<\/main>\n\t\t<div class=\"elementor-element elementor-element-06bb896 e-flex e-con-boxed e-con e-parent\" data-id=\"06bb896\" data-element_type=\"container\" data-e-type=\"container\">\n\t\t\t\t\t<div class=\"e-con-inner\">\n\t\t\t\t<div class=\"elementor-element elementor-element-8124a47 elementor-widget elementor-widget-text-editor\" data-id=\"8124a47\" data-element_type=\"widget\" data-e-type=\"widget\" data-widget_type=\"text-editor.default\">\n\t\t\t\t<div class=\"elementor-widget-container\">\n\t\t\t\t\t\t\t\t\t<p><strong>MyRace.rs<\/strong> je va\u0161 prvi izbor ako \u017eelite profesionalni manad\u017ement trke u smislu pripreme organizacije, merenja vremena i kompetan konsalting u vezi bilo kakvih vrsta trka ili sportskih doga\u0111aja.<\/p>\t\t\t\t\t\t\t\t<\/div>\n\t\t\t\t<\/div>\n\t\t\t\t<div class=\"elementor-element elementor-element-7b1e3a0 elementor-widget elementor-widget-text-editor\" data-id=\"7b1e3a0\" data-element_type=\"widget\" data-e-type=\"widget\" data-widget_type=\"text-editor.default\">\n\t\t\t\t<div class=\"elementor-widget-container\">\n\t\t\t\t\t\t\t\t\t<p><strong>MyRace.rs<\/strong> vam nudi sistem za elektronsko merenje vremena ili kako se kod nas popularno zove merenja vremena putem \u010dipova ili BIB tagova, za sve vrste tr\u010danja, biciklizma, plivanja ili triatlon.<\/p>\t\t\t\t\t\t\t\t<\/div>\n\t\t\t\t<\/div>\n\t\t\t\t<div class=\"elementor-element elementor-element-00ccade elementor-widget elementor-widget-text-editor\" data-id=\"00ccade\" data-element_type=\"widget\" data-e-type=\"widget\" data-widget_type=\"text-editor.default\">\n\t\t\t\t<div class=\"elementor-widget-container\">\n\t\t\t\t\t\t\t\t\t<p><strong>MyRace.rs<\/strong> vam nudi i mogu\u0107nost on-line prijave u\u010desnika, evidenciju pla\u0107anja, takmi\u010darske brojeve, slanje mejlova sa bitnim informacijama, izve\u0161taje i sve ostale evidencije i izve\u0161taje koje prate jednu sportsku trku.<\/p>\t\t\t\t\t\t\t\t<\/div>\n\t\t\t\t<\/div>\n\t\t\t\t<div class=\"elementor-element elementor-element-55e9829 elementor-widget elementor-widget-text-editor\" data-id=\"55e9829\" data-element_type=\"widget\" data-e-type=\"widget\" data-widget_type=\"text-editor.default\">\n\t\t\t\t<div class=\"elementor-widget-container\">\n\t\t\t\t\t\t\t\t\t<p><strong>Elektronsko merenje<\/strong> vremena mo\u017eemo raditi jednokratnim \u010dipovima\/tagovima (jednostrukim ili dvostrukim) na takmi\u010darskom broju, biciklisti\u010dkim tagovima, tagovima na patici, vi\u0161ekratnim tagovima narukvicama (OCR, plivanje, triatlon), tagovima na obu\u0107i (pri\u010dvr\u0161\u0107ivanje pertlom).<\/p>\t\t\t\t\t\t\t\t<\/div>\n\t\t\t\t<\/div>\n\t\t\t\t<div class=\"elementor-element elementor-element-fa7b1f8 elementor-widget elementor-widget-text-editor\" data-id=\"fa7b1f8\" data-element_type=\"widget\" data-e-type=\"widget\" data-widget_type=\"text-editor.default\">\n\t\t\t\t<div class=\"elementor-widget-container\">\n\t\t\t\t\t\t\t\t\t<p><strong>Pored startno-ciljnog dela<\/strong>, mo\u017eemo vr\u0161iti merenje vremena na definisanim kontrolnim ta\u010dkama (check point) i to automatski, poluautomatski ili ru\u010dno.<\/p>\t\t\t\t\t\t\t\t<\/div>\n\t\t\t\t<\/div>\n\t\t\t\t<div class=\"elementor-element elementor-element-cfbda49 elementor-widget elementor-widget-text-editor\" data-id=\"cfbda49\" data-element_type=\"widget\" data-e-type=\"widget\" data-widget_type=\"text-editor.default\">\n\t\t\t\t<div class=\"elementor-widget-container\">\n\t\t\t\t\t\t\t\t\t<p><strong>Dodatni servisi<\/strong>, kao \u0161to su u\u017eivo rezultati, u\u017eivo pra\u0107enje trke sa starta\/cilja (YouTube Live), snimak ulaska svakog takmi\u010dara u cilj si tako\u0111e dostupni organizatoru i u\u010desnicima.<\/p>\t\t\t\t\t\t\t\t<\/div>\n\t\t\t\t<\/div>\n\t\t\t\t<div class=\"elementor-element elementor-element-ccf6dc0 elementor-widget elementor-widget-text-editor\" data-id=\"ccf6dc0\" data-element_type=\"widget\" data-e-type=\"widget\" data-widget_type=\"text-editor.default\">\n\t\t\t\t<div class=\"elementor-widget-container\">\n\t\t\t\t\t\t\t\t\t<p><strong>LED sat i TV<\/strong> u zoni starta\/cilja sa rezultatima, i ne\u0161to novo, info kiosk, su tako\u0111e dostupne opcije koje oboga\u0107uju trku i vizuelno i organizaciono i \u010dine trku jedinstvenom \u0161to se ti\u010de iskustva svih u\u010desnika ali i posmatra\u010da.<\/p>\t\t\t\t\t\t\t\t<\/div>\n\t\t\t\t<\/div>\n\t\t\t\t<div class=\"elementor-element elementor-element-fa1b346 elementor-widget elementor-widget-text-editor\" data-id=\"fa1b346\" data-element_type=\"widget\" data-e-type=\"widget\" data-widget_type=\"text-editor.default\">\n\t\t\t\t<div class=\"elementor-widget-container\">\n\t\t\t\t\t\t\t\t\t<p><strong>CHECK-IN<\/strong> stanica je ne\u0161to \u0161to vi\u0111amo, uglavnom, na ve\u0107im trkama ali sada i vi mo\u017eete imati tu tehnologiju. Jako zanimljiv multimedijalni sadr\u017eaj, svaki u\u010desnik mo\u017ee o\u010ditati svoj \u010dip sa startnog broja i dobiti prikaz digitalnog broja na ekranu. Ili sadr\u017eaj koji je vama zanimljiv i vezuje se za u\u010desnike. Zanimljiva opcija za deljenje na dru\u0161tvenim mre\u017eama i bolju promociju doga\u0111aja.<\/p>\t\t\t\t\t\t\t\t<\/div>\n\t\t\t\t<\/div>\n\t\t\t\t<div class=\"elementor-element elementor-element-2cbb65d elementor-widget elementor-widget-text-editor\" data-id=\"2cbb65d\" data-element_type=\"widget\" data-e-type=\"widget\" data-widget_type=\"text-editor.default\">\n\t\t\t\t<div class=\"elementor-widget-container\">\n\t\t\t\t\t\t\t\t\t<p><strong>Celokupnu organizaciju<\/strong> oko trke (doga\u0111aja), prijavu takmi\u010dara, upravljanje prijavljenim takmi\u010darima, evidentiranje uplata (kotizacija), elektronsko merenje vremena i na kraju rezultate, mo\u017eete dobiti kao kompletnu uslugu na na\u0161em veb portalu.<\/p>\t\t\t\t\t\t\t\t<\/div>\n\t\t\t\t<\/div>\n\t\t\t\t<div class=\"elementor-element elementor-element-4bb8318 elementor-widget elementor-widget-text-editor\" data-id=\"4bb8318\" data-element_type=\"widget\" data-e-type=\"widget\" data-widget_type=\"text-editor.default\">\n\t\t\t\t<div class=\"elementor-widget-container\">\n\t\t\t\t\t\t\t\t\t<p><strong>Ukoliko su vam<\/strong> potrebne konsultatske usluge u vezi bilo kog segmenta organizacije trka, na\u0161e vi\u0161egodi\u0161nje iskustvo i kao u\u010desnika raznih trka u zemlji i inostranstvu, i kao organizatora doga\u0111aja, garantuje da \u0107ete dobiti najbolji savet i odgovor na va\u0161 zahtev.<\/p>\t\t\t\t\t\t\t\t<\/div>\n\t\t\t\t<\/div>\n\t\t\t\t\t<\/div>\n\t\t\t\t<\/div>\n\t\t<div class=\"elementor-element elementor-element-a0bf6e2 e-flex e-con-boxed e-con e-parent\" data-id=\"a0bf6e2\" data-element_type=\"container\" data-e-type=\"container\">\n\t\t\t\t\t<div class=\"e-con-inner\">\n\t\t\t\t<div class=\"elementor-element elementor-element-679c9d4 elementor-widget elementor-widget-image\" data-id=\"679c9d4\" data-element_type=\"widget\" data-e-type=\"widget\" data-widget_type=\"image.default\">\n\t\t\t\t<div class=\"elementor-widget-container\">\n\t\t\t\t\t\t\t\t\t\t\t\t\t\t\t<img decoding=\"async\" src=\"https:\/\/myrace.rs\/wp-content\/uploads\/elementor\/thumbs\/logo_running-qwzyb8fzlrd6epjw97prrkzqb04trrl43yd89h3rvs.webp\" title=\"logo_running\" alt=\"logo_running\" class=\"elementor-animation-pulse\" loading=\"lazy\" \/>\t\t\t\t\t\t\t\t\t\t\t\t\t\t\t<\/div>\n\t\t\t\t<\/div>\n\t\t\t\t<div class=\"elementor-element elementor-element-03a3121 elementor-widget elementor-widget-image\" data-id=\"03a3121\" data-element_type=\"widget\" data-e-type=\"widget\" data-widget_type=\"image.default\">\n\t\t\t\t<div class=\"elementor-widget-container\">\n\t\t\t\t\t\t\t\t\t\t\t\t\t\t\t<img decoding=\"async\" src=\"https:\/\/myrace.rs\/wp-content\/uploads\/elementor\/thumbs\/logo_cycling-qwzydsk67iva0hu3bbj7jxqwirisq3qt4matalb6y0.webp\" title=\"logo_cycling\" alt=\"logo_cycling\" class=\"elementor-animation-pulse\" loading=\"lazy\" \/>\t\t\t\t\t\t\t\t\t\t\t\t\t\t\t<\/div>\n\t\t\t\t<\/div>\n\t\t\t\t<div class=\"elementor-element elementor-element-22595b3 elementor-widget elementor-widget-image\" data-id=\"22595b3\" data-element_type=\"widget\" data-e-type=\"widget\" data-widget_type=\"image.default\">\n\t\t\t\t<div class=\"elementor-widget-container\">\n\t\t\t\t\t\t\t\t\t\t\t\t\t\t\t<img decoding=\"async\" src=\"https:\/\/myrace.rs\/wp-content\/uploads\/elementor\/thumbs\/logo_swimming-qwzygj9854mdvjuqb071bquaw80c6bmmi6sson8uso.webp\" title=\"logo_swimming\" alt=\"logo_swimming\" class=\"elementor-animation-pulse\" loading=\"lazy\" \/>\t\t\t\t\t\t\t\t\t\t\t\t\t\t\t<\/div>\n\t\t\t\t<\/div>\n\t\t\t\t<div class=\"elementor-element elementor-element-7e5d161 elementor-widget elementor-widget-image\" data-id=\"7e5d161\" data-element_type=\"widget\" data-e-type=\"widget\" data-widget_type=\"image.default\">\n\t\t\t\t<div class=\"elementor-widget-container\">\n\t\t\t\t\t\t\t\t\t\t\t\t\t\t\t<img decoding=\"async\" src=\"https:\/\/myrace.rs\/wp-content\/uploads\/elementor\/thumbs\/logo_triathlon-qyonexa87o0zhm5jk0z4x2p580th40ze12jorto160.webp\" title=\"logo_triathlon\" alt=\"logo_triathlon\" class=\"elementor-animation-pulse\" loading=\"lazy\" \/>\t\t\t\t\t\t\t\t\t\t\t\t\t\t\t<\/div>\n\t\t\t\t<\/div>\n\t\t\t\t<div class=\"elementor-element elementor-element-d3519f3 elementor-widget elementor-widget-image\" data-id=\"d3519f3\" data-element_type=\"widget\" data-e-type=\"widget\" data-widget_type=\"image.default\">\n\t\t\t\t<div class=\"elementor-widget-container\">\n\t\t\t\t\t\t\t\t\t\t\t\t\t\t\t<img decoding=\"async\" src=\"https:\/\/myrace.rs\/wp-content\/uploads\/elementor\/thumbs\/logo_consulting-qyon8noynfg637985bgoanminjpdso3t61z5leyinc.webp\" title=\"logo_consulting\" alt=\"logo_consulting\" class=\"elementor-animation-pulse\" loading=\"lazy\" \/>\t\t\t\t\t\t\t\t\t\t\t\t\t\t\t<\/div>\n\t\t\t\t<\/div>\n\t\t\t\t\t<\/div>\n\t\t\t\t<\/div>\n\t\t<div class=\"elementor-element elementor-element-d7c455a e-flex e-con-boxed e-con e-parent\" data-id=\"d7c455a\" data-element_type=\"container\" data-e-type=\"container\">\n\t\t\t\t\t<div class=\"e-con-inner\">\n\t\t\t\t<div class=\"elementor-element elementor-element-522376c elementor-widget elementor-widget-spacer\" data-id=\"522376c\" data-element_type=\"widget\" data-e-type=\"widget\" data-widget_type=\"spacer.default\">\n\t\t\t\t<div class=\"elementor-widget-container\">\n\t\t\t\t\t\t\t<div class=\"elementor-spacer\">\n\t\t\t<div class=\"elementor-spacer-inner\"><\/div>\n\t\t<\/div>\n\t\t\t\t\t\t<\/div>\n\t\t\t\t<\/div>\n\t\t\t\t\t<\/div>\n\t\t\t\t<\/div>\n\t\t\t\t<\/div>\n\t\t","protected":false},"excerpt":{"rendered":"<p>O nama MyRace.rs je va\u0161 prvi izbor ako \u017eelite profesionalni manad\u017ement trke u smislu pripreme organizacije, merenja vremena i kompetan konsalting u vezi bilo kakvih vrsta trka ili sportskih doga\u0111aja. MyRace.rs vam nudi sistem za elektronsko merenje vremena ili kako se kod nas popularno zove merenja vremena putem \u010dipova ili BIB tagova, za sve vrste [&hellip;]<\/p>\n","protected":false},"author":1,"featured_media":0,"parent":0,"menu_order":0,"comment_status":"closed","ping_status":"closed","template":"elementor_header_footer","meta":{"_acf_changed":false,"footnotes":""},"class_list":["post-49","page","type-page","status-publish","hentry"],"acf":[],"_links":{"self":[{"href":"https:\/\/myrace.rs\/index.php?rest_route=\/wp\/v2\/pages\/49","targetHints":{"allow":["GET"]}}],"collection":[{"href":"https:\/\/myrace.rs\/index.php?rest_route=\/wp\/v2\/pages"}],"about":[{"href":"https:\/\/myrace.rs\/index.php?rest_route=\/wp\/v2\/types\/page"}],"author":[{"embeddable":true,"href":"https:\/\/myrace.rs\/index.php?rest_route=\/wp\/v2\/users\/1"}],"replies":[{"embeddable":true,"href":"https:\/\/myrace.rs\/index.php?rest_route=%2Fwp%2Fv2%2Fcomments&post=49"}],"version-history":[{"count":0,"href":"https:\/\/myrace.rs\/index.php?rest_route=\/wp\/v2\/pages\/49\/revisions"}],"wp:attachment":[{"href":"https:\/\/myrace.rs\/index.php?rest_route=%2Fwp%2Fv2%2Fmedia&parent=49"}],"curies":[{"name":"wp","href":"https:\/\/api.w.org\/{rel}","templated":true}]}}