{"id":2231,"date":"2025-06-30T13:28:51","date_gmt":"2025-06-30T11:28:51","guid":{"rendered":"https:\/\/myrace.rs\/?page_id=2231"},"modified":"2025-06-30T13:57:55","modified_gmt":"2025-06-30T11:57:55","slug":"2025_06_29_novi_pazar_challenge_race_res2","status":"publish","type":"page","link":"https:\/\/myrace.rs\/?page_id=2231","title":{"rendered":"2025_06_29_novi_pazar_challenge_race_res2"},"content":{"rendered":"\t\t<div data-elementor-type=\"wp-page\" data-elementor-id=\"2231\" class=\"elementor elementor-2231\" data-elementor-post-type=\"page\">\n\t\t\t\t<div class=\"elementor-element elementor-element-5a83ef7 e-flex e-con-boxed e-con e-parent\" data-id=\"5a83ef7\" data-element_type=\"container\" data-e-type=\"container\">\n\t\t\t\t\t<div class=\"e-con-inner\">\n\t\t\t\t<div class=\"elementor-element elementor-element-f61c1df e-n-tabs-mobile elementor-widget elementor-widget-n-tabs\" data-id=\"f61c1df\" data-element_type=\"widget\" data-e-type=\"widget\" data-settings=\"{&quot;horizontal_scroll&quot;:&quot;disable&quot;}\" data-widget_type=\"nested-tabs.default\">\n\t\t\t\t<div class=\"elementor-widget-container\">\n\t\t\t\t\t\t\t<div class=\"e-n-tabs\" data-widget-number=\"258064863\" aria-label=\"\u041a\u0430\u0440\u0442\u0438\u0446\u0435. \u041e\u0442\u0432\u043e\u0440\u0438\u0442\u0435 \u0441\u0442\u0430\u0432\u043a\u0435 \u043f\u0440\u0438\u0442\u0438\u0441\u043a\u043e\u043c \u043d\u0430 Enter \u0438\u043b\u0438 Space, \u0437\u0430\u0442\u0432\u043e\u0440\u0438\u0442\u0435 \u0438\u0445 \u043f\u0440\u0438\u0442\u0438\u0441\u043a\u043e\u043c \u043d\u0430 Escape \u0438 \u043d\u0430\u0432\u0438\u0433\u0430\u0446\u0438\u0458\u0443 \u043a\u043e\u0440\u0438\u0441\u0442\u0438\u0442\u0435 \u0441\u0442\u0440\u0435\u043b\u0438\u0446\u0435.\">\n\t\t\t<div class=\"e-n-tabs-heading\" role=\"tablist\">\n\t\t\t\t\t<button id=\"e-n-tab-title-2580648631\" data-tab-title-id=\"e-n-tab-title-2580648631\" class=\"e-n-tab-title\" aria-selected=\"true\" data-tab-index=\"1\" role=\"tab\" tabindex=\"0\" aria-controls=\"e-n-tab-content-2580648631\" style=\"--n-tabs-title-order: 1;\">\n\t\t\t\t\t\t<span class=\"e-n-tab-title-text\">\n\t\t\t\tRezultati 5-8g\t\t\t<\/span>\n\t\t<\/button>\n\t\t\t\t<button id=\"e-n-tab-title-2580648632\" data-tab-title-id=\"e-n-tab-title-2580648632\" class=\"e-n-tab-title\" aria-selected=\"false\" data-tab-index=\"2\" role=\"tab\" tabindex=\"-1\" aria-controls=\"e-n-tab-content-2580648632\" style=\"--n-tabs-title-order: 2;\">\n\t\t\t\t\t\t<span class=\"e-n-tab-title-text\">\n\t\t\t\tRezultati 9-11g\t\t\t<\/span>\n\t\t<\/button>\n\t\t\t\t<button id=\"e-n-tab-title-2580648633\" data-tab-title-id=\"e-n-tab-title-2580648633\" class=\"e-n-tab-title\" aria-selected=\"false\" data-tab-index=\"3\" role=\"tab\" tabindex=\"-1\" aria-controls=\"e-n-tab-content-2580648633\" style=\"--n-tabs-title-order: 3;\">\n\t\t\t\t\t\t<span class=\"e-n-tab-title-text\">\n\t\t\t\tRezultati 11-14g\t\t\t<\/span>\n\t\t<\/button>\n\t\t\t\t<button id=\"e-n-tab-title-2580648634\" data-tab-title-id=\"e-n-tab-title-2580648634\" class=\"e-n-tab-title\" aria-selected=\"false\" data-tab-index=\"4\" role=\"tab\" tabindex=\"-1\" aria-controls=\"e-n-tab-content-2580648634\" style=\"--n-tabs-title-order: 4;\">\n\t\t\t\t\t\t<span class=\"e-n-tab-title-text\">\n\t\t\t\tPlogging\t\t\t<\/span>\n\t\t<\/button>\n\t\t\t\t\t<\/div>\n\t\t\t<div class=\"e-n-tabs-content\">\n\t\t\t\t<div id=\"e-n-tab-content-2580648631\" role=\"tabpanel\" aria-labelledby=\"e-n-tab-title-2580648631\" data-tab-index=\"1\" style=\"--n-tabs-title-order: 1;\" class=\"e-active elementor-element elementor-element-cd1dbda e-con-full e-flex e-con e-child\" data-id=\"cd1dbda\" data-element_type=\"container\" data-e-type=\"container\">\n\t\t<div class=\"elementor-element elementor-element-e228897 e-flex e-con-boxed e-con e-child\" data-id=\"e228897\" data-element_type=\"container\" data-e-type=\"container\">\n\t\t\t\t\t<div class=\"e-con-inner\">\n\t\t\t\t<div class=\"elementor-element elementor-element-980e4d3 elementor-widget elementor-widget-text-editor\" data-id=\"980e4d3\" data-element_type=\"widget\" data-e-type=\"widget\" data-widget_type=\"text-editor.default\">\n\t\t\t\t<div class=\"elementor-widget-container\">\n\t\t\t\t\t\t\t\t\t<table width=\"200\"><tbody><tr><td width=\"60\"><strong>Plasman<\/strong><\/td><td width=\"140\"><strong>Ime i prezime<\/strong><\/td><\/tr><tr><td>1.<\/td><td>Abdulah \u0160ehovi\u0107<\/td><\/tr><tr><td>2.<\/td><td>Andjela Rakovi\u0107<\/td><\/tr><tr><td>3.<\/td><td>Omer Ujkanovi\u0107<\/td><\/tr><tr><td>\u00a0<\/td><td>Fatma \u010cebovi\u0107<\/td><\/tr><tr><td>\u00a0<\/td><td>Dani Kola\u0161inac<\/td><\/tr><tr><td>\u00a0<\/td><td>Kait Kova\u010devi\u0107<\/td><\/tr><tr><td>\u00a0<\/td><td>Mustafa \u010cebovi\u0107<\/td><\/tr><tr><td>\u00a0<\/td><td>Ismail Feki\u0107<\/td><\/tr><tr><td>\u00a0<\/td><td>Ahmed Bronja<\/td><\/tr><tr><td>\u00a0<\/td><td>Fatil Zilki\u0107<\/td><\/tr><tr><td>\u00a0<\/td><td>Azra \u0160ehovi\u0107<\/td><\/tr><tr><td>\u00a0<\/td><td>Eva Popovi\u0107<\/td><\/tr><tr><td>\u00a0<\/td><td>Lana Popovi\u0107<\/td><\/tr><tr><td>\u00a0<\/td><td>Kaid Kljaji\u0107<\/td><\/tr><tr><td>\u00a0<\/td><td>Meirem Kljaji\u0107<\/td><\/tr><tr><td>\u00a0<\/td><td>Fetima Ka\u010dapov<\/td><\/tr><tr><td>\u00a0<\/td><td>Sumeja Ujkanovi\u0107<\/td><\/tr><tr><td>\u00a0<\/td><td>Lina Ujkanovi\u0107<\/td><\/tr><\/tbody><\/table>\t\t\t\t\t\t\t\t<\/div>\n\t\t\t\t<\/div>\n\t\t\t\t\t<\/div>\n\t\t\t\t<\/div>\n\t\t\t\t<\/div>\n\t\t<div id=\"e-n-tab-content-2580648632\" role=\"tabpanel\" aria-labelledby=\"e-n-tab-title-2580648632\" data-tab-index=\"2\" style=\"--n-tabs-title-order: 2;\" class=\" elementor-element elementor-element-d6916b7 e-con-full e-flex e-con e-child\" data-id=\"d6916b7\" data-element_type=\"container\" data-e-type=\"container\">\n\t\t<div class=\"elementor-element elementor-element-a624528 e-flex e-con-boxed e-con e-child\" data-id=\"a624528\" data-element_type=\"container\" data-e-type=\"container\">\n\t\t\t\t\t<div class=\"e-con-inner\">\n\t\t\t\t<div class=\"elementor-element elementor-element-935f57e elementor-widget elementor-widget-text-editor\" data-id=\"935f57e\" data-element_type=\"widget\" data-e-type=\"widget\" data-widget_type=\"text-editor.default\">\n\t\t\t\t<div class=\"elementor-widget-container\">\n\t\t\t\t\t\t\t\t\t<table width=\"200\">\n<tbody>\n<tr>\n<td width=\"60\"><strong>Plasman<\/strong><\/td>\n<td width=\"140\"><strong>Ime i prezime<\/strong><\/td>\n<\/tr>\n<tr>\n<td>1.<\/td>\n<td>Mehmed Mu\u0161ovi\u0107<\/td>\n<\/tr>\n<tr>\n<td>2.<\/td>\n<td>Amila Paljevac<\/td>\n<\/tr>\n<tr>\n<td>3.<\/td>\n<td>Daris Sejdovi\u0107<\/td>\n<\/tr>\n<tr>\n<td><\/td>\n<td>Lejla Cikoti\u0107<\/td>\n<\/tr>\n<tr>\n<td><\/td>\n<td>Irma Tuti\u0107<\/td>\n<\/tr>\n<tr>\n<td><\/td>\n<td>Emana Latifovi\u0107<\/td>\n<\/tr>\n<tr>\n<td><\/td>\n<td>Belma Ka\u010dapolj<\/td>\n<\/tr>\n<tr>\n<td><\/td>\n<td>Zora Had\u017ei\u0107<\/td>\n<\/tr>\n<tr>\n<td><\/td>\n<td>Mina \u0160ebovi\u0107<\/td>\n<\/tr>\n<tr>\n<td><\/td>\n<td>Dina Kola\u0161inac<\/td>\n<\/tr>\n<tr>\n<td><\/td>\n<td>Aj\u0161a Bronja<\/td>\n<\/tr>\n<tr>\n<td><\/td>\n<td>Anja Tahirovi\u0107<\/td>\n<\/tr>\n<tr>\n<td><\/td>\n<td>Tara Jovanovi\u0107<\/td>\n<\/tr>\n<tr>\n<td><\/td>\n<td>Najla Ajdinovi\u0107<\/td>\n<\/tr>\n<tr>\n<td><\/td>\n<td>Majda Hasi\u0107<\/td>\n<\/tr>\n<tr>\n<td><\/td>\n<td>Uma Kola\u0161inac<\/td>\n<\/tr>\n<tr>\n<td><\/td>\n<td>Ahmed Zuljki<\/td>\n<\/tr>\n<\/tbody>\n<\/table>\t\t\t\t\t\t\t\t<\/div>\n\t\t\t\t<\/div>\n\t\t\t\t\t<\/div>\n\t\t\t\t<\/div>\n\t\t\t\t<\/div>\n\t\t<div id=\"e-n-tab-content-2580648633\" role=\"tabpanel\" aria-labelledby=\"e-n-tab-title-2580648633\" data-tab-index=\"3\" style=\"--n-tabs-title-order: 3;\" class=\" elementor-element elementor-element-0319f37 e-con-full e-flex e-con e-child\" data-id=\"0319f37\" data-element_type=\"container\" data-e-type=\"container\">\n\t\t<div class=\"elementor-element elementor-element-b5f249c e-flex e-con-boxed e-con e-child\" data-id=\"b5f249c\" data-element_type=\"container\" data-e-type=\"container\">\n\t\t\t\t\t<div class=\"e-con-inner\">\n\t\t\t\t<div class=\"elementor-element elementor-element-1c5a139 elementor-widget elementor-widget-text-editor\" data-id=\"1c5a139\" data-element_type=\"widget\" data-e-type=\"widget\" data-widget_type=\"text-editor.default\">\n\t\t\t\t<div class=\"elementor-widget-container\">\n\t\t\t\t\t\t\t\t\t<table width=\"200\">\n<tbody>\n<tr>\n<td width=\"60\"><strong>Plasman<\/strong><\/td>\n<td width=\"140\"><strong>Ime i prezime<\/strong><\/td>\n<\/tr>\n<tr>\n<td>1.<\/td>\n<td>Ahmed Ziljki\u0107<\/td>\n<\/tr>\n<tr>\n<td>2.<\/td>\n<td>Ahmed Zukorli\u0107<\/td>\n<\/tr>\n<tr>\n<td>3.<\/td>\n<td>David Ziljki\u0107<\/td>\n<\/tr>\n<tr>\n<td><\/td>\n<td>Medina Meki\u0107<\/td>\n<\/tr>\n<tr>\n<td><\/td>\n<td>Resmija Tuti\u0107<\/td>\n<\/tr>\n<tr>\n<td><\/td>\n<td>Silma Paljevac<\/td>\n<\/tr>\n<tr>\n<td><\/td>\n<td>Imran Kola\u0161inac<\/td>\n<\/tr>\n<tr>\n<td><\/td>\n<td>Asja Cikovi\u0107<\/td>\n<\/tr>\n<tr>\n<td><\/td>\n<td>Aj\u0161a Zukorli\u0107<\/td>\n<\/tr>\n<\/tbody>\n<\/table>\t\t\t\t\t\t\t\t<\/div>\n\t\t\t\t<\/div>\n\t\t\t\t\t<\/div>\n\t\t\t\t<\/div>\n\t\t\t\t<\/div>\n\t\t<div id=\"e-n-tab-content-2580648634\" role=\"tabpanel\" aria-labelledby=\"e-n-tab-title-2580648634\" data-tab-index=\"4\" style=\"--n-tabs-title-order: 4;\" class=\" elementor-element elementor-element-dbf45be e-flex e-con-boxed e-con e-child\" data-id=\"dbf45be\" data-element_type=\"container\" data-e-type=\"container\">\n\t\t\t\t\t<div class=\"e-con-inner\">\n\t\t<div class=\"elementor-element elementor-element-885507c e-con-full e-flex e-con e-child\" data-id=\"885507c\" data-element_type=\"container\" data-e-type=\"container\">\n\t\t\t\t<div class=\"elementor-element elementor-element-98fe72f elementor-widget elementor-widget-text-editor\" data-id=\"98fe72f\" data-element_type=\"widget\" data-e-type=\"widget\" data-widget_type=\"text-editor.default\">\n\t\t\t\t<div class=\"elementor-widget-container\">\n\t\t\t\t\t\t\t\t\t<table width=\"200\">\n<tbody>\n<tr>\n<td width=\"60\"><strong>Plogging<\/strong><\/td>\n<td width=\"140\"><strong>Ime i prezime<\/strong><\/td>\n<\/tr>\n<tr>\n<td>1.<\/td>\n<td>Mirjana Markovi\u0107<\/td>\n<\/tr>\n<tr>\n<td>2.<\/td>\n<td>Dragan Toma\u0161evi\u0107<\/td>\n<\/tr>\n<tr>\n<td>3.<\/td>\n<td>Stefan Gavri\u0107<\/td>\n<\/tr>\n<\/tbody>\n<\/table>\t\t\t\t\t\t\t\t<\/div>\n\t\t\t\t<\/div>\n\t\t\t\t<\/div>\n\t\t\t\t\t<\/div>\n\t\t\t\t<\/div>\n\t\t\t\t\t<\/div>\n\t\t<\/div>\n\t\t\t\t\t\t<\/div>\n\t\t\t\t<\/div>\n\t\t\t\t\t<\/div>\n\t\t\t\t<\/div>\n\t\t\t\t<\/div>\n\t\t","protected":false},"excerpt":{"rendered":"<p>Rezultati 5-8g Rezultati 9-11g Rezultati 11-14g Plogging Plasman Ime i prezime 1. Abdulah \u0160ehovi\u0107 2. Andjela Rakovi\u0107 3. Omer Ujkanovi\u0107 \u00a0 Fatma \u010cebovi\u0107 \u00a0 Dani Kola\u0161inac \u00a0 Kait Kova\u010devi\u0107 \u00a0 Mustafa \u010cebovi\u0107 \u00a0 Ismail Feki\u0107 \u00a0 Ahmed Bronja \u00a0 Fatil Zilki\u0107 \u00a0 Azra \u0160ehovi\u0107 \u00a0 Eva Popovi\u0107 \u00a0 Lana Popovi\u0107 \u00a0 Kaid Kljaji\u0107 \u00a0 Meirem [&hellip;]<\/p>\n","protected":false},"author":1,"featured_media":0,"parent":0,"menu_order":0,"comment_status":"closed","ping_status":"closed","template":"","meta":{"_acf_changed":false,"footnotes":""},"class_list":["post-2231","page","type-page","status-publish","hentry"],"acf":[],"_links":{"self":[{"href":"https:\/\/myrace.rs\/index.php?rest_route=\/wp\/v2\/pages\/2231","targetHints":{"allow":["GET"]}}],"collection":[{"href":"https:\/\/myrace.rs\/index.php?rest_route=\/wp\/v2\/pages"}],"about":[{"href":"https:\/\/myrace.rs\/index.php?rest_route=\/wp\/v2\/types\/page"}],"author":[{"embeddable":true,"href":"https:\/\/myrace.rs\/index.php?rest_route=\/wp\/v2\/users\/1"}],"replies":[{"embeddable":true,"href":"https:\/\/myrace.rs\/index.php?rest_route=%2Fwp%2Fv2%2Fcomments&post=2231"}],"version-history":[{"count":0,"href":"https:\/\/myrace.rs\/index.php?rest_route=\/wp\/v2\/pages\/2231\/revisions"}],"wp:attachment":[{"href":"https:\/\/myrace.rs\/index.php?rest_route=%2Fwp%2Fv2%2Fmedia&parent=2231"}],"curies":[{"name":"wp","href":"https:\/\/api.w.org\/{rel}","templated":true}]}}