{"id":2058,"date":"2025-05-21T19:59:50","date_gmt":"2025-05-21T17:59:50","guid":{"rendered":"https:\/\/myrace.rs\/?page_id=2058"},"modified":"2025-06-06T18:44:20","modified_gmt":"2025-06-06T16:44:20","slug":"2025_06_29_bike_hike","status":"publish","type":"page","link":"https:\/\/myrace.rs\/?page_id=2058","title":{"rendered":"2025_06_29_bike_hike"},"content":{"rendered":"\t\t<div data-elementor-type=\"wp-page\" data-elementor-id=\"2058\" class=\"elementor elementor-2058\" data-elementor-post-type=\"page\">\n\t\t\t\t<div class=\"elementor-element elementor-element-bfbf7ce e-flex e-con-boxed e-con e-parent\" data-id=\"bfbf7ce\" data-element_type=\"container\" data-e-type=\"container\">\n\t\t\t\t\t<div class=\"e-con-inner\">\n\t\t<div class=\"elementor-element elementor-element-1b77a3a9 e-con-full e-flex e-con e-child\" data-id=\"1b77a3a9\" data-element_type=\"container\" data-e-type=\"container\">\n\t\t\t\t<div class=\"elementor-element elementor-element-318a27b0 elementor-widget elementor-widget-text-editor\" data-id=\"318a27b0\" data-element_type=\"widget\" data-e-type=\"widget\" data-widget_type=\"text-editor.default\">\n\t\t\t\t<div class=\"elementor-widget-container\">\n\t\t\t\t\t\t\t\t\t<p>\u0411\u0410\u0408\u041a\u0415\u041d\u0425\u0410\u0408\u041a 2025<\/p>\t\t\t\t\t\t\t\t<\/div>\n\t\t\t\t<\/div>\n\t\t\t\t<div class=\"elementor-element elementor-element-27d30d61 elementor-widget elementor-widget-image\" data-id=\"27d30d61\" data-element_type=\"widget\" data-e-type=\"widget\" data-widget_type=\"image.default\">\n\t\t\t\t<div class=\"elementor-widget-container\">\n\t\t\t\t\t\t\t\t\t\t\t\t\t\t\t<img fetchpriority=\"high\" decoding=\"async\" width=\"239\" height=\"300\" src=\"https:\/\/myrace.rs\/wp-content\/uploads\/2025\/05\/bikeandhike-239x300.png\" class=\"attachment-medium size-medium wp-image-2102\" alt=\"\" srcset=\"https:\/\/myrace.rs\/wp-content\/uploads\/2025\/05\/bikeandhike-239x300.png 239w, https:\/\/myrace.rs\/wp-content\/uploads\/2025\/05\/bikeandhike-600x752.png 600w, https:\/\/myrace.rs\/wp-content\/uploads\/2025\/05\/bikeandhike-817x1024.png 817w, https:\/\/myrace.rs\/wp-content\/uploads\/2025\/05\/bikeandhike-768x963.png 768w, https:\/\/myrace.rs\/wp-content\/uploads\/2025\/05\/bikeandhike-1225x1536.png 1225w, https:\/\/myrace.rs\/wp-content\/uploads\/2025\/05\/bikeandhike-1633x2048.png 1633w, https:\/\/myrace.rs\/wp-content\/uploads\/2025\/05\/bikeandhike-scaled.png 2041w\" sizes=\"(max-width: 239px) 100vw, 239px\" \/>\t\t\t\t\t\t\t\t\t\t\t\t\t\t\t<\/div>\n\t\t\t\t<\/div>\n\t\t\t\t<\/div>\n\t\t<div class=\"elementor-element elementor-element-5e48210 e-con-full e-flex e-con e-child\" data-id=\"5e48210\" data-element_type=\"container\" data-e-type=\"container\">\n\t\t<div class=\"elementor-element elementor-element-60736bfb e-con-full e-flex e-con e-child\" data-id=\"60736bfb\" data-element_type=\"container\" data-e-type=\"container\">\n\t\t\t\t<div class=\"elementor-element elementor-element-73abb012 elementor-widget elementor-widget-text-editor\" data-id=\"73abb012\" data-element_type=\"widget\" data-e-type=\"widget\" data-widget_type=\"text-editor.default\">\n\t\t\t\t<div class=\"elementor-widget-container\">\n\t\t\t\t\t\t\t\t\t<p>29.06.@10:00<\/p>\t\t\t\t\t\t\t\t<\/div>\n\t\t\t\t<\/div>\n\t\t\t\t<\/div>\n\t\t<div class=\"elementor-element elementor-element-7dcebd28 e-con-full e-flex e-con e-child\" data-id=\"7dcebd28\" data-element_type=\"container\" data-e-type=\"container\">\n\t\t\t\t<div class=\"elementor-element elementor-element-697ebc3e elementor-countdown--label-block elementor-widget elementor-widget-countdown\" data-id=\"697ebc3e\" data-element_type=\"widget\" data-e-type=\"widget\" data-widget_type=\"countdown.default\">\n\t\t\t\t<div class=\"elementor-widget-container\">\n\t\t\t\t\t\t\t<div data-expire-actions=\"[{&quot;type&quot;:&quot;message&quot;}]\" class=\"elementor-countdown-wrapper\" data-date=\"1751184000\">\n\t\t\t<div class=\"elementor-countdown-item\"><span class=\"elementor-countdown-digits elementor-countdown-days\"><\/span> <span class=\"elementor-countdown-label\">Dana<\/span><\/div><div class=\"elementor-countdown-item\"><span class=\"elementor-countdown-digits elementor-countdown-hours\"><\/span> <span class=\"elementor-countdown-label\">Sati<\/span><\/div><div class=\"elementor-countdown-item\"><span class=\"elementor-countdown-digits elementor-countdown-minutes\"><\/span> <span class=\"elementor-countdown-label\">Sek<\/span><\/div>\t\t<\/div>\n\t\t\t\t\t\t<div class=\"elementor-countdown-expire--message\">\n\t\t\t\t\tU toku..\t\t\t\t<\/div>\n\t\t\t\t\t\t\t\t<\/div>\n\t\t\t\t<\/div>\n\t\t\t\t<div class=\"elementor-element elementor-element-63c65139 elementor-widget elementor-widget-text-editor\" data-id=\"63c65139\" data-element_type=\"widget\" data-e-type=\"widget\" data-widget_type=\"text-editor.default\">\n\t\t\t\t<div class=\"elementor-widget-container\">\n\t\t\t\t\t\t\t\t\t<p style=\"text-align: center;\">Cherokee Cycling Club<\/p>\t\t\t\t\t\t\t\t<\/div>\n\t\t\t\t<\/div>\n\t\t\t\t<\/div>\n\t\t<div class=\"elementor-element elementor-element-7800c21b e-con-full e-flex e-con e-child\" data-id=\"7800c21b\" data-element_type=\"container\" data-e-type=\"container\">\n\t\t\t\t<div class=\"elementor-element elementor-element-2a92f5c7 elementor-align-center elementor-tablet-align-center elementor-widget elementor-widget-button\" data-id=\"2a92f5c7\" data-element_type=\"widget\" data-e-type=\"widget\" data-widget_type=\"button.default\">\n\t\t\t\t<div class=\"elementor-widget-container\">\n\t\t\t\t\t\t\t\t\t<div class=\"elementor-button-wrapper\">\n\t\t\t\t\t<a class=\"elementor-button elementor-button-link elementor-size-sm\" href=\"https:\/\/myrace.rs\/?page_id=2091\">\n\t\t\t\t\t\t<span class=\"elementor-button-content-wrapper\">\n\t\t\t\t\t\t\t\t\t<span class=\"elementor-button-text\">REGISTRACIJA<\/span>\n\t\t\t\t\t<\/span>\n\t\t\t\t\t<\/a>\n\t\t\t\t<\/div>\n\t\t\t\t\t\t\t\t<\/div>\n\t\t\t\t<\/div>\n\t\t\t\t<div class=\"elementor-element elementor-element-5df0a9b2 elementor-align-center elementor-tablet-align-center elementor-widget elementor-widget-button\" data-id=\"5df0a9b2\" data-element_type=\"widget\" data-e-type=\"widget\" data-widget_type=\"button.default\">\n\t\t\t\t<div class=\"elementor-widget-container\">\n\t\t\t\t\t\t\t\t\t<div class=\"elementor-button-wrapper\">\n\t\t\t\t\t<a class=\"elementor-button elementor-button-link elementor-size-sm\" href=\"https:\/\/myrace.rs\/?page_id=2109\">\n\t\t\t\t\t\t<span class=\"elementor-button-content-wrapper\">\n\t\t\t\t\t\t\t\t\t<span class=\"elementor-button-text\">U\u010cESNICI<\/span>\n\t\t\t\t\t<\/span>\n\t\t\t\t\t<\/a>\n\t\t\t\t<\/div>\n\t\t\t\t\t\t\t\t<\/div>\n\t\t\t\t<\/div>\n\t\t\t\t<\/div>\n\t\t\t\t<\/div>\n\t\t<div class=\"elementor-element elementor-element-40012b22 e-con-full e-flex e-con e-child\" data-id=\"40012b22\" data-element_type=\"container\" data-e-type=\"container\">\n\t\t<div class=\"elementor-element elementor-element-4bad97e3 e-con-full e-flex e-con e-child\" data-id=\"4bad97e3\" data-element_type=\"container\" data-e-type=\"container\">\n\t\t\t\t<div class=\"elementor-element elementor-element-31c110 elementor-widget elementor-widget-text-editor\" data-id=\"31c110\" data-element_type=\"widget\" data-e-type=\"widget\" data-widget_type=\"text-editor.default\">\n\t\t\t\t<div class=\"elementor-widget-container\">\n\t\t\t\t\t\t\t\t\t<p>SAVE THE DATE!<\/p>\t\t\t\t\t\t\t\t<\/div>\n\t\t\t\t<\/div>\n\t\t\t\t<\/div>\n\t\t<div class=\"elementor-element elementor-element-1f514e85 e-con-full e-flex e-con e-child\" data-id=\"1f514e85\" data-element_type=\"container\" data-e-type=\"container\">\n\t\t\t\t<div class=\"elementor-element elementor-element-7a93ed27 elementor-widget elementor-widget-button\" data-id=\"7a93ed27\" data-element_type=\"widget\" data-e-type=\"widget\" data-widget_type=\"button.default\">\n\t\t\t\t<div class=\"elementor-widget-container\">\n\t\t\t\t\t\t\t\t\t<div class=\"elementor-button-wrapper\">\n\t\t\t\t\t<a class=\"elementor-button elementor-button-link elementor-size-sm\" href=\"https:\/\/calndr.link\/d\/event\/?service=apple&#038;start=2025-06-29%2010:00&#038;end=2025-06-29%2016:00&#038;title=Bike%20&#038;%20Hike&#038;timezone=Europe\/Belgrade\">\n\t\t\t\t\t\t<span class=\"elementor-button-content-wrapper\">\n\t\t\t\t\t\t\t\t\t<span class=\"elementor-button-text\">Dodaj u iCal<\/span>\n\t\t\t\t\t<\/span>\n\t\t\t\t\t<\/a>\n\t\t\t\t<\/div>\n\t\t\t\t\t\t\t\t<\/div>\n\t\t\t\t<\/div>\n\t\t\t\t<div class=\"elementor-element elementor-element-6e42f8f5 elementor-widget elementor-widget-button\" data-id=\"6e42f8f5\" data-element_type=\"widget\" data-e-type=\"widget\" data-widget_type=\"button.default\">\n\t\t\t\t<div class=\"elementor-widget-container\">\n\t\t\t\t\t\t\t\t\t<div class=\"elementor-button-wrapper\">\n\t\t\t\t\t<a class=\"elementor-button elementor-button-link elementor-size-sm\" href=\"https:\/\/calndr.link\/d\/event\/?service=google&#038;start=2025-06-29%2010:00&#038;end=2025-06-29%2016:00&#038;title=Bike%20&#038;%20Hike&#038;timezone=Europe\/Belgrade\">\n\t\t\t\t\t\t<span class=\"elementor-button-content-wrapper\">\n\t\t\t\t\t\t\t\t\t<span class=\"elementor-button-text\">Dodaj u G Cal<\/span>\n\t\t\t\t\t<\/span>\n\t\t\t\t\t<\/a>\n\t\t\t\t<\/div>\n\t\t\t\t\t\t\t\t<\/div>\n\t\t\t\t<\/div>\n\t\t\t\t<\/div>\n\t\t<div class=\"elementor-element elementor-element-4ba795c e-con-full e-flex e-con e-child\" data-id=\"4ba795c\" data-element_type=\"container\" data-e-type=\"container\">\n\t\t\t\t<div class=\"elementor-element elementor-element-4dbe96d4 elementor-widget elementor-widget-google_maps\" data-id=\"4dbe96d4\" data-element_type=\"widget\" data-e-type=\"widget\" data-widget_type=\"google_maps.default\">\n\t\t\t\t<div class=\"elementor-widget-container\">\n\t\t\t\t\t\t\t<div class=\"elementor-custom-embed\">\n\t\t\t<iframe loading=\"lazy\"\n\t\t\t\t\tsrc=\"https:\/\/www.google.com\/maps\/embed\/v1\/place?key=AIzaSyC_UBDW4x31IbbC2CMxC6s-qcCK6iXrVoc&#038;q=Lisine%2C%20Strmosten%2C%20Srbija&#038;zoom=14\"\n\t\t\t\t\ttitle=\"Lisine, Strmosten, Srbija\"\n\t\t\t\t\taria-label=\"Lisine, Strmosten, Srbija\"\n\t\t\t><\/iframe>\n\t\t<\/div>\n\t\t\t\t\t\t<\/div>\n\t\t\t\t<\/div>\n\t\t\t\t<\/div>\n\t\t\t\t<\/div>\n\t\t\t\t\t<\/div>\n\t\t\t\t<\/div>\n\t\t<div class=\"elementor-element elementor-element-672f3d9e e-flex e-con-boxed e-con e-parent\" data-id=\"672f3d9e\" data-element_type=\"container\" data-e-type=\"container\">\n\t\t\t\t\t<div class=\"e-con-inner\">\n\t\t\t\t<div class=\"elementor-element elementor-element-460313c3 elementor-widget elementor-widget-n-accordion\" data-id=\"460313c3\" data-element_type=\"widget\" data-e-type=\"widget\" data-settings=\"{&quot;default_state&quot;:&quot;expanded&quot;,&quot;max_items_expended&quot;:&quot;one&quot;,&quot;n_accordion_animation_duration&quot;:{&quot;unit&quot;:&quot;ms&quot;,&quot;size&quot;:400,&quot;sizes&quot;:[]}}\" data-widget_type=\"nested-accordion.default\">\n\t\t\t\t<div class=\"elementor-widget-container\">\n\t\t\t\t\t\t\t<div class=\"e-n-accordion\" aria-label=\"Accordion. Open links with Enter or Space, close with Escape, and navigate with Arrow Keys\">\n\t\t\t\t\t\t<details id=\"e-n-accordion-item-1170\" class=\"e-n-accordion-item\" open>\n\t\t\t\t<summary class=\"e-n-accordion-item-title\" data-accordion-index=\"1\" tabindex=\"0\" aria-expanded=\"true\" aria-controls=\"e-n-accordion-item-1170\" >\n\t\t\t\t\t<span class='e-n-accordion-item-title-header'><div class=\"e-n-accordion-item-title-text\"> Ukratko <\/div><\/span>\n\t\t\t\t\t\t\t<span class='e-n-accordion-item-title-icon'>\n\t\t\t<span class='e-opened' ><svg aria-hidden=\"true\" class=\"e-font-icon-svg e-fas-angle-double-left\" viewBox=\"0 0 448 512\" xmlns=\"http:\/\/www.w3.org\/2000\/svg\"><path d=\"M223.7 239l136-136c9.4-9.4 24.6-9.4 33.9 0l22.6 22.6c9.4 9.4 9.4 24.6 0 33.9L319.9 256l96.4 96.4c9.4 9.4 9.4 24.6 0 33.9L393.7 409c-9.4 9.4-24.6 9.4-33.9 0l-136-136c-9.5-9.4-9.5-24.6-.1-34zm-192 34l136 136c9.4 9.4 24.6 9.4 33.9 0l22.6-22.6c9.4-9.4 9.4-24.6 0-33.9L127.9 256l96.4-96.4c9.4-9.4 9.4-24.6 0-33.9L201.7 103c-9.4-9.4-24.6-9.4-33.9 0l-136 136c-9.5 9.4-9.5 24.6-.1 34z\"><\/path><\/svg><\/span>\n\t\t\t<span class='e-closed'><svg aria-hidden=\"true\" class=\"e-font-icon-svg e-fas-angle-double-right\" viewBox=\"0 0 448 512\" xmlns=\"http:\/\/www.w3.org\/2000\/svg\"><path d=\"M224.3 273l-136 136c-9.4 9.4-24.6 9.4-33.9 0l-22.6-22.6c-9.4-9.4-9.4-24.6 0-33.9l96.4-96.4-96.4-96.4c-9.4-9.4-9.4-24.6 0-33.9L54.3 103c9.4-9.4 24.6-9.4 33.9 0l136 136c9.5 9.4 9.5 24.6.1 34zm192-34l-136-136c-9.4-9.4-24.6-9.4-33.9 0l-22.6 22.6c-9.4 9.4-9.4 24.6 0 33.9l96.4 96.4-96.4 96.4c-9.4 9.4-9.4 24.6 0 33.9l22.6 22.6c9.4 9.4 24.6 9.4 33.9 0l136-136c9.4-9.2 9.4-24.4 0-33.8z\"><\/path><\/svg><\/span>\n\t\t<\/span>\n\n\t\t\t\t\t\t<\/summary>\n\t\t\t\t<div role=\"region\" aria-labelledby=\"e-n-accordion-item-1170\" class=\"elementor-element elementor-element-61382efe e-con-full e-flex e-con e-child\" data-id=\"61382efe\" data-element_type=\"container\" data-e-type=\"container\">\n\t\t\t\t<div class=\"elementor-element elementor-element-3aa81f8c elementor-widget elementor-widget-text-editor\" data-id=\"3aa81f8c\" data-element_type=\"widget\" data-e-type=\"widget\" data-widget_type=\"text-editor.default\">\n\t\t\t\t<div class=\"elementor-widget-container\">\n\t\t\t\t\t\t\t\t\t<div class=\"xdj266r x11i5rnm xat24cr x1mh8g0r x1vvkbs\"><strong>\u0411\u0410\u0408\u041a\u0415\u041d\u0425\u0410\u0408\u041a<\/strong><\/div><div><span class=\"html-span xexx8yu x4uap5 x18d9i69 xkhd6sd x1hl2dhg x16tdsg8 x1vvkbs x3nfvp2 x1j61x8r x1fcty0u xdj266r xat24cr xgzva0m xhhsvwb xxymvpz xlup9mm x1kky2od\"><img decoding=\"async\" class=\"xz74otr\" src=\"https:\/\/static.xx.fbcdn.net\/images\/emoji.php\/v9\/t4b\/2\/16\/1f4cc.png\" alt=\"\ud83d\udccc\" width=\"16\" height=\"16\" \/> <\/span>Lokacija: Lisine, Beljanica, Strmosten<br class=\"html-br\" \/>\ud83d\udcc6 Datum i vreme: 29. jun 2025. godine (nedelja) start u 10:00h<\/div><div>\u00a0<\/div><div><p>Poziv na jednodnevnu outdoor manifestaciju \u2013 Beljanica 2025<\/p><p>Pridru\u017eite nam se 29. juna na netakmi\u010darskoj manifestaciji koja objedinjuje biciklizam svih kategorija i planinarenje na prelepoj planini Beljanici!<\/p><\/div>\t\t\t\t\t\t\t\t<\/div>\n\t\t\t\t<\/div>\n\t\t\t\t<\/div>\n\t\t\t\t\t<\/details>\n\t\t\t\t\t\t<details id=\"e-n-accordion-item-1171\" class=\"e-n-accordion-item\" >\n\t\t\t\t<summary class=\"e-n-accordion-item-title\" data-accordion-index=\"2\" tabindex=\"-1\" aria-expanded=\"false\" aria-controls=\"e-n-accordion-item-1171\" >\n\t\t\t\t\t<span class='e-n-accordion-item-title-header'><div class=\"e-n-accordion-item-title-text\"> Detalji <\/div><\/span>\n\t\t\t\t\t\t\t<span class='e-n-accordion-item-title-icon'>\n\t\t\t<span class='e-opened' ><svg aria-hidden=\"true\" class=\"e-font-icon-svg e-fas-angle-double-left\" viewBox=\"0 0 448 512\" xmlns=\"http:\/\/www.w3.org\/2000\/svg\"><path d=\"M223.7 239l136-136c9.4-9.4 24.6-9.4 33.9 0l22.6 22.6c9.4 9.4 9.4 24.6 0 33.9L319.9 256l96.4 96.4c9.4 9.4 9.4 24.6 0 33.9L393.7 409c-9.4 9.4-24.6 9.4-33.9 0l-136-136c-9.5-9.4-9.5-24.6-.1-34zm-192 34l136 136c9.4 9.4 24.6 9.4 33.9 0l22.6-22.6c9.4-9.4 9.4-24.6 0-33.9L127.9 256l96.4-96.4c9.4-9.4 9.4-24.6 0-33.9L201.7 103c-9.4-9.4-24.6-9.4-33.9 0l-136 136c-9.5 9.4-9.5 24.6-.1 34z\"><\/path><\/svg><\/span>\n\t\t\t<span class='e-closed'><svg aria-hidden=\"true\" class=\"e-font-icon-svg e-fas-angle-double-right\" viewBox=\"0 0 448 512\" xmlns=\"http:\/\/www.w3.org\/2000\/svg\"><path d=\"M224.3 273l-136 136c-9.4 9.4-24.6 9.4-33.9 0l-22.6-22.6c-9.4-9.4-9.4-24.6 0-33.9l96.4-96.4-96.4-96.4c-9.4-9.4-9.4-24.6 0-33.9L54.3 103c9.4-9.4 24.6-9.4 33.9 0l136 136c9.5 9.4 9.5 24.6.1 34zm192-34l-136-136c-9.4-9.4-24.6-9.4-33.9 0l-22.6 22.6c-9.4 9.4-9.4 24.6 0 33.9l96.4 96.4-96.4 96.4c-9.4 9.4-9.4 24.6 0 33.9l22.6 22.6c9.4 9.4 24.6 9.4 33.9 0l136-136c9.4-9.2 9.4-24.4 0-33.8z\"><\/path><\/svg><\/span>\n\t\t<\/span>\n\n\t\t\t\t\t\t<\/summary>\n\t\t\t\t<div role=\"region\" aria-labelledby=\"e-n-accordion-item-1171\" class=\"elementor-element elementor-element-51a16816 e-con-full e-flex e-con e-child\" data-id=\"51a16816\" data-element_type=\"container\" data-e-type=\"container\">\n\t\t\t\t<div class=\"elementor-element elementor-element-6be9f59 elementor-widget elementor-widget-text-editor\" data-id=\"6be9f59\" data-element_type=\"widget\" data-e-type=\"widget\" id=\"all-info\" data-widget_type=\"text-editor.default\">\n\t\t\t\t<div class=\"elementor-widget-container\">\n\t\t\t\t\t\t\t\t\t<div class=\"x11i5rnm xat24cr x1mh8g0r x1vvkbs xtlvy1s\">\ud83d\udccf Du\u017eina staze: <strong>35 km BIKE i 15 km HIKE<\/strong><br class=\"html-br\" \/>\ud83d\udcc3 Prijave i regularne uplate su do 19.6 (vel. majice garantovana) a kasne uplate su do 23.6 (vel. majice nije garantovana)<br class=\"html-br\" \/>\ud83d\udcb5 Uputstvo za uplatu:<br class=\"html-br\" \/>SVRHA UPLATE: Donacija za doga\u0111aj<br class=\"html-br\" \/>PRIMALAC: Cherokee Cycling Club Svilajnac<br class=\"html-br\" \/>RA\u010cUN: <strong>265-3300310026329-78<\/strong><\/div><div>IZNOS: <strong>2000,00 RSD<\/strong><\/div><h6><strong>\u0160ta vas o\u010dekuje?<\/strong><\/h6><div><ul><li>Vo\u017enja biciklom i planinarenje u organizovanim grupama (xc bike \/ trail bike \/ enduro bike \/ e-bike)<\/li><li>Pratnja licenciranih vodi\u010da za maksimalnu sigurnost (hajkeri \/ planinari \/ mu\u0161karci \/ \u017eene \/ deca i svi koji bi \u017eeleli da se oprobaju a nikada nisu iskusili ovako ne\u0161to)<\/li><li>Netakmi\u010darski karakter \u2013 u fokusu su dru\u017eenje, priroda i u\u017eivanje<\/li><li>Svako nosi svoju hranu i vodu (1 litar vode dobijate u okviru kotizacionog paketa).<\/li><\/ul><h6><strong>Kampovanje i no\u0107enje u Planinarskom domu:<\/strong><\/h6><h6>Za sve zainteresovane postoji mogu\u0107nost dolaska dan ranije (28. jun) i kampovanja na obezbe\u0111enom prostoru. Ponesite svoju opremu! Tako\u0111e, mogu\u0107e je no\u0107enje u Planinarskom domu sa ograni\u010denim brojem le\u017eaja, po povoljnoj ceni (javite se na ni\u017eenavedene kontakte da rezervi\u0161ete mesto)<\/h6><h6><strong>U cenu je uklju\u010deno:<\/strong><\/h6><ul><li>Majica doga\u0111aja &#8211; <strong>VA\u017dNO !!!<\/strong> &#8211; Ko se prijavi i uplati kotizaciju do 13.6 ima zagarantovanu majicu na dan doga\u0111aja. Za uplate nakon tog datuma (do zatvaranja prijava) majica sti\u017ee po\u0161tom a tro\u0161kove po\u0161tarina snosi primalac.<\/li><li>Startni broj za BIKE<\/li><li>Litar vode<\/li><li>U\u010desni\u010dka medalja<\/li><li>Ru\u010dak<\/li><\/ul><h6><strong>Preuzimanje paketa:<\/strong><\/h6><ul><li>subota od 15h do 19h<\/li><li>nedelja od 08:30 h do 09:30 h<\/li><\/ul><p><strong>Kontakti<\/strong> u vezi doga\u0111aja i pomo\u0107 oko sme\u0161taja: Stefan (+381 65 2488-348) i Nenad (+381 63 7794-553)<\/p><p><strong>Napomena:<\/strong> Staza nije obele\u017eena trakama, te je obavezno pratiti i po\u0161tovati vodi\u010de tokom cele akcije. Svaki u\u010desnik treba da ponese dovoljno hrane prema sopstvenim potrebama. Ukoliko tokom akcije do\u0111e do bilo kakvog problema, odmah se obratiti vodi\u010du. Nakon zavr\u0161etka akcije sledi zajedni\u010dki ru\u010dak.<\/p><p>Tura za one koji vole da se pomere iz zone komfora!<br \/>Vo\u0111ena vo\u017enja od 35 km i 1690 m uspona namenjena je biciklistima sa solidnom kondicijom. Tempo je lagan i prilago\u0111en grupi, ali teren nije bezazlen \u2013 o\u010dekuje te du\u017ei uspon i jedan strmiji spust koji tra\u017ei pa\u017enju i osnovnu tehniku. Idealna prilika za one koji \u017eele malo vi\u0161e od klasi\u010dne rekreativne ture!<\/p><p>Obavezno prou\u010dite elevaciju staze koja je dostupna klikom na dugme ispod TREK STAZE.<\/p><p><strong>Do\u0111ite da zajedno u\u017eivamo u prirodi, dru\u017eenju i zdravom na\u010dinu \u017eivota!<\/strong><\/p><\/div>\t\t\t\t\t\t\t\t<\/div>\n\t\t\t\t<\/div>\n\t\t\t\t<\/div>\n\t\t\t\t\t<\/details>\n\t\t\t\t\t\t<details id=\"e-n-accordion-item-1172\" class=\"e-n-accordion-item\" >\n\t\t\t\t<summary class=\"e-n-accordion-item-title\" data-accordion-index=\"3\" tabindex=\"-1\" aria-expanded=\"false\" aria-controls=\"e-n-accordion-item-1172\" >\n\t\t\t\t\t<span class='e-n-accordion-item-title-header'><div class=\"e-n-accordion-item-title-text\"> Najava na sajtu organizatora <\/div><\/span>\n\t\t\t\t\t\t\t<span class='e-n-accordion-item-title-icon'>\n\t\t\t<span class='e-opened' ><svg aria-hidden=\"true\" class=\"e-font-icon-svg e-fas-angle-double-left\" viewBox=\"0 0 448 512\" xmlns=\"http:\/\/www.w3.org\/2000\/svg\"><path d=\"M223.7 239l136-136c9.4-9.4 24.6-9.4 33.9 0l22.6 22.6c9.4 9.4 9.4 24.6 0 33.9L319.9 256l96.4 96.4c9.4 9.4 9.4 24.6 0 33.9L393.7 409c-9.4 9.4-24.6 9.4-33.9 0l-136-136c-9.5-9.4-9.5-24.6-.1-34zm-192 34l136 136c9.4 9.4 24.6 9.4 33.9 0l22.6-22.6c9.4-9.4 9.4-24.6 0-33.9L127.9 256l96.4-96.4c9.4-9.4 9.4-24.6 0-33.9L201.7 103c-9.4-9.4-24.6-9.4-33.9 0l-136 136c-9.5 9.4-9.5 24.6-.1 34z\"><\/path><\/svg><\/span>\n\t\t\t<span class='e-closed'><svg aria-hidden=\"true\" class=\"e-font-icon-svg e-fas-angle-double-right\" viewBox=\"0 0 448 512\" xmlns=\"http:\/\/www.w3.org\/2000\/svg\"><path d=\"M224.3 273l-136 136c-9.4 9.4-24.6 9.4-33.9 0l-22.6-22.6c-9.4-9.4-9.4-24.6 0-33.9l96.4-96.4-96.4-96.4c-9.4-9.4-9.4-24.6 0-33.9L54.3 103c9.4-9.4 24.6-9.4 33.9 0l136 136c9.5 9.4 9.5 24.6.1 34zm192-34l-136-136c-9.4-9.4-24.6-9.4-33.9 0l-22.6 22.6c-9.4 9.4-9.4 24.6 0 33.9l96.4 96.4-96.4 96.4c-9.4 9.4-9.4 24.6 0 33.9l22.6 22.6c9.4 9.4 24.6 9.4 33.9 0l136-136c9.4-9.2 9.4-24.4 0-33.8z\"><\/path><\/svg><\/span>\n\t\t<\/span>\n\n\t\t\t\t\t\t<\/summary>\n\t\t\t\t<div role=\"region\" aria-labelledby=\"e-n-accordion-item-1172\" class=\"elementor-element elementor-element-25ea96b7 e-flex e-con-boxed e-con e-child\" data-id=\"25ea96b7\" data-element_type=\"container\" data-e-type=\"container\">\n\t\t\t\t\t<div class=\"e-con-inner\">\n\t\t\t\t\t<\/div>\n\t\t\t\t<\/div>\n\t\t\t\t\t<\/details>\n\t\t\t\t\t<\/div>\n\t\t\t\t\t\t<\/div>\n\t\t\t\t<\/div>\n\t\t\t\t\t<\/div>\n\t\t\t\t<\/div>\n\t\t<div class=\"elementor-element elementor-element-707d8bfc e-grid e-con-boxed e-con e-parent\" data-id=\"707d8bfc\" data-element_type=\"container\" data-e-type=\"container\">\n\t\t\t\t\t<div class=\"e-con-inner\">\n\t\t\t\t<div class=\"elementor-element elementor-element-3cd47847 elementor-align-center elementor-widget elementor-widget-button\" data-id=\"3cd47847\" data-element_type=\"widget\" data-e-type=\"widget\" data-widget_type=\"button.default\">\n\t\t\t\t<div class=\"elementor-widget-container\">\n\t\t\t\t\t\t\t\t\t<div class=\"elementor-button-wrapper\">\n\t\t\t\t\t<a class=\"elementor-button elementor-button-link elementor-size-sm\" href=\"https:\/\/myrace.rs\/?page_id=2120\">\n\t\t\t\t\t\t<span class=\"elementor-button-content-wrapper\">\n\t\t\t\t\t\t\t\t\t<span class=\"elementor-button-text\">TREK STAZE<\/span>\n\t\t\t\t\t<\/span>\n\t\t\t\t\t<\/a>\n\t\t\t\t<\/div>\n\t\t\t\t\t\t\t\t<\/div>\n\t\t\t\t<\/div>\n\t\t\t\t<div class=\"elementor-element elementor-element-14e91002 elementor-align-center elementor-widget elementor-widget-button\" data-id=\"14e91002\" data-element_type=\"widget\" data-e-type=\"widget\" data-widget_type=\"button.default\">\n\t\t\t\t<div class=\"elementor-widget-container\">\n\t\t\t\t\t\t\t\t\t<div class=\"elementor-button-wrapper\">\n\t\t\t\t\t<a class=\"elementor-button elementor-button-link elementor-size-sm\" href=\"#link-popup-nocontent\">\n\t\t\t\t\t\t<span class=\"elementor-button-content-wrapper\">\n\t\t\t\t\t\t\t\t\t<span class=\"elementor-button-text\">YOUTUBE LIVE<\/span>\n\t\t\t\t\t<\/span>\n\t\t\t\t\t<\/a>\n\t\t\t\t<\/div>\n\t\t\t\t\t\t\t\t<\/div>\n\t\t\t\t<\/div>\n\t\t\t\t<div class=\"elementor-element elementor-element-6a70d739 elementor-align-center elementor-widget elementor-widget-button\" data-id=\"6a70d739\" data-element_type=\"widget\" data-e-type=\"widget\" data-widget_type=\"button.default\">\n\t\t\t\t<div class=\"elementor-widget-container\">\n\t\t\t\t\t\t\t\t\t<div class=\"elementor-button-wrapper\">\n\t\t\t\t\t<a class=\"elementor-button elementor-button-link elementor-size-sm\" href=\"#link-popup-nocontent\">\n\t\t\t\t\t\t<span class=\"elementor-button-content-wrapper\">\n\t\t\t\t\t\t\t\t\t<span class=\"elementor-button-text\">STANJE U\u017dIVO<\/span>\n\t\t\t\t\t<\/span>\n\t\t\t\t\t<\/a>\n\t\t\t\t<\/div>\n\t\t\t\t\t\t\t\t<\/div>\n\t\t\t\t<\/div>\n\t\t\t\t<div class=\"elementor-element elementor-element-b12d29f elementor-align-center elementor-widget elementor-widget-button\" data-id=\"b12d29f\" data-element_type=\"widget\" data-e-type=\"widget\" data-widget_type=\"button.default\">\n\t\t\t\t<div class=\"elementor-widget-container\">\n\t\t\t\t\t\t\t\t\t<div class=\"elementor-button-wrapper\">\n\t\t\t\t\t<a class=\"elementor-button elementor-button-link elementor-size-sm\" href=\"#link-popup-nocontent\">\n\t\t\t\t\t\t<span class=\"elementor-button-content-wrapper\">\n\t\t\t\t\t\t\t\t\t<span class=\"elementor-button-text\">REZULTATI<\/span>\n\t\t\t\t\t<\/span>\n\t\t\t\t\t<\/a>\n\t\t\t\t<\/div>\n\t\t\t\t\t\t\t\t<\/div>\n\t\t\t\t<\/div>\n\t\t\t\t\t<\/div>\n\t\t\t\t<\/div>\n\t\t<div class=\"elementor-element elementor-element-30e2a7c3 e-flex e-con-boxed e-con e-parent\" data-id=\"30e2a7c3\" data-element_type=\"container\" data-e-type=\"container\">\n\t\t\t\t\t<div class=\"e-con-inner\">\n\t\t\t\t<div class=\"elementor-element elementor-element-6030bf64 elementor-widget elementor-widget-spacer\" data-id=\"6030bf64\" data-element_type=\"widget\" data-e-type=\"widget\" data-widget_type=\"spacer.default\">\n\t\t\t\t<div class=\"elementor-widget-container\">\n\t\t\t\t\t\t\t<div class=\"elementor-spacer\">\n\t\t\t<div class=\"elementor-spacer-inner\"><\/div>\n\t\t<\/div>\n\t\t\t\t\t\t<\/div>\n\t\t\t\t<\/div>\n\t\t\t\t\t<\/div>\n\t\t\t\t<\/div>\n\t\t\t\t<\/div>\n\t\t","protected":false},"excerpt":{"rendered":"<p>\u0411\u0410\u0408\u041a\u0415\u041d\u0425\u0410\u0408\u041a 2025 29.06.@10:00 Dana Sati Sek U toku.. Cherokee Cycling Club REGISTRACIJA U\u010cESNICI SAVE THE DATE! Dodaj u iCal Dodaj u G Cal Ukratko \u0411\u0410\u0408\u041a\u0415\u041d\u0425\u0410\u0408\u041a Lokacija: Lisine, Beljanica, Strmosten\ud83d\udcc6 Datum i vreme: 29. jun 2025. godine (nedelja) start u 10:00h\u00a0 Poziv na jednodnevnu outdoor manifestaciju \u2013 Beljanica 2025 Pridru\u017eite nam se 29. juna na netakmi\u010darskoj [&hellip;]<\/p>\n","protected":false},"author":1,"featured_media":0,"parent":0,"menu_order":0,"comment_status":"closed","ping_status":"closed","template":"","meta":{"_acf_changed":false,"footnotes":""},"class_list":["post-2058","page","type-page","status-publish","hentry"],"acf":[],"_links":{"self":[{"href":"https:\/\/myrace.rs\/index.php?rest_route=\/wp\/v2\/pages\/2058","targetHints":{"allow":["GET"]}}],"collection":[{"href":"https:\/\/myrace.rs\/index.php?rest_route=\/wp\/v2\/pages"}],"about":[{"href":"https:\/\/myrace.rs\/index.php?rest_route=\/wp\/v2\/types\/page"}],"author":[{"embeddable":true,"href":"https:\/\/myrace.rs\/index.php?rest_route=\/wp\/v2\/users\/1"}],"replies":[{"embeddable":true,"href":"https:\/\/myrace.rs\/index.php?rest_route=%2Fwp%2Fv2%2Fcomments&post=2058"}],"version-history":[{"count":0,"href":"https:\/\/myrace.rs\/index.php?rest_route=\/wp\/v2\/pages\/2058\/revisions"}],"wp:attachment":[{"href":"https:\/\/myrace.rs\/index.php?rest_route=%2Fwp%2Fv2%2Fmedia&parent=2058"}],"curies":[{"name":"wp","href":"https:\/\/api.w.org\/{rel}","templated":true}]}}